{"id":3,"date":"2024-08-04T16:22:05","date_gmt":"2024-08-04T16:22:05","guid":{"rendered":"https:\/\/labs.942estudio.com\/dolly\/?page_id=3"},"modified":"2025-09-19T18:00:08","modified_gmt":"2025-09-19T18:00:08","slug":"politica-de-privacidad","status":"publish","type":"page","link":"https:\/\/www.juggersport.com\/pt\/politica-de-privacidade\/","title":{"rendered":"Pol\u00edtica Privacidade"},"content":{"rendered":"<h2 class=\"wp-block-heading\"><strong>Quem somos<\/strong><\/h2>\r\n<!-- \/wp:post-content --> <!-- wp:paragraph -->O endere\u00e7o do nosso site \u00e9: https:\/\/www.juggersport.com\/\r\n\r\n<!-- \/wp:paragraph --> <!-- wp:paragraph -->Jugger Sport \u00e9 um site voltado para a divulga\u00e7\u00e3o esportiva.\r\n\r\n<!-- \/wp:paragraph --> <!-- wp:heading -->\r\n<h2 class=\"wp-block-heading\">Propriedade intelectual audiovisual<\/h2>\r\n<!-- \/wp:heading --> <!-- wp:paragraph -->Se n\u00e3o quiser aparecer numa fotografia, contacte-nos.\r\n\r\n<!-- \/wp:paragraph --> <!-- wp:paragraph -->Algumas das fotos vis\u00edveis no site s\u00e3o de Miki Caviedes, Isabel Iv\u00e1n e <a href=\"https:\/\/www.abenarabijuggerclub.com\/\" target=\"_blank\" rel=\"noopener\">Abenarabi Jugger Club<\/a>.\r\n\r\n<!-- \/wp:paragraph -->&nbsp;","protected":false},"excerpt":{"rendered":"<p>Quem somos O endere\u00e7o do nosso site \u00e9: https:\/\/www.juggersport.com\/ Jugger Sport \u00e9 um site voltado para a divulga\u00e7\u00e3o esportiva. Propriedade intelectual audiovisual [&hellip;]<\/p>\n","protected":false},"author":1,"featured_media":0,"parent":0,"menu_order":0,"comment_status":"closed","ping_status":"closed","template":"","meta":{"footnotes":""},"class_list":["post-3","page","type-page","status-publish","hentry"],"_links":{"self":[{"href":"https:\/\/www.juggersport.com\/pt\/wp-json\/wp\/v2\/pages\/3","targetHints":{"allow":["GET"]}}],"collection":[{"href":"https:\/\/www.juggersport.com\/pt\/wp-json\/wp\/v2\/pages"}],"about":[{"href":"https:\/\/www.juggersport.com\/pt\/wp-json\/wp\/v2\/types\/page"}],"author":[{"embeddable":true,"href":"https:\/\/www.juggersport.com\/pt\/wp-json\/wp\/v2\/users\/1"}],"replies":[{"embeddable":true,"href":"https:\/\/www.juggersport.com\/pt\/wp-json\/wp\/v2\/comments?post=3"}],"version-history":[{"count":2,"href":"https:\/\/www.juggersport.com\/pt\/wp-json\/wp\/v2\/pages\/3\/revisions"}],"predecessor-version":[{"id":453,"href":"https:\/\/www.juggersport.com\/pt\/wp-json\/wp\/v2\/pages\/3\/revisions\/453"}],"wp:attachment":[{"href":"https:\/\/www.juggersport.com\/pt\/wp-json\/wp\/v2\/media?parent=3"}],"curies":[{"name":"wp","href":"https:\/\/api.w.org\/{rel}","templated":true}]}}