{"id":24,"date":"2024-08-04T17:54:47","date_gmt":"2024-08-04T17:54:47","guid":{"rendered":"https:\/\/labs.942estudio.com\/dolly\/?page_id=24"},"modified":"2025-04-18T09:56:07","modified_gmt":"2025-04-18T09:56:07","slug":"aviso-legal","status":"publish","type":"page","link":"https:\/\/www.juggersport.com\/pt\/aviso-legal\/","title":{"rendered":"Aviso legal"},"content":{"rendered":"Este site n\u00e3o corresponde a nenhuma organiza\u00e7\u00e3o registrada. Desenvolvido por Yulia Barrera.\r\n\r\n<!-- \/wp:post-content --> <!-- wp:paragraph -->Este site tem como objetivo promover o Jugger em todo o mundo.\r\n\r\n<!-- \/wp:paragraph --> <!-- wp:paragraph -->Mais informa\u00e7\u00f5es em breve.\r\n\r\n<!-- \/wp:paragraph --> <!-- wp:paragraph -->&nbsp;\r\n\r\n<!-- \/wp:paragraph -->","protected":false},"excerpt":{"rendered":"<p>Este site n\u00e3o corresponde a nenhuma organiza\u00e7\u00e3o registrada. Desenvolvido por Yulia Barrera. Este site tem como objetivo promover o Jugger em todo [&hellip;]<\/p>\n","protected":false},"author":1,"featured_media":0,"parent":0,"menu_order":0,"comment_status":"closed","ping_status":"closed","template":"","meta":{"footnotes":""},"class_list":["post-24","page","type-page","status-publish","hentry"],"_links":{"self":[{"href":"https:\/\/www.juggersport.com\/pt\/wp-json\/wp\/v2\/pages\/24","targetHints":{"allow":["GET"]}}],"collection":[{"href":"https:\/\/www.juggersport.com\/pt\/wp-json\/wp\/v2\/pages"}],"about":[{"href":"https:\/\/www.juggersport.com\/pt\/wp-json\/wp\/v2\/types\/page"}],"author":[{"embeddable":true,"href":"https:\/\/www.juggersport.com\/pt\/wp-json\/wp\/v2\/users\/1"}],"replies":[{"embeddable":true,"href":"https:\/\/www.juggersport.com\/pt\/wp-json\/wp\/v2\/comments?post=24"}],"version-history":[{"count":0,"href":"https:\/\/www.juggersport.com\/pt\/wp-json\/wp\/v2\/pages\/24\/revisions"}],"wp:attachment":[{"href":"https:\/\/www.juggersport.com\/pt\/wp-json\/wp\/v2\/media?parent=24"}],"curies":[{"name":"wp","href":"https:\/\/api.w.org\/{rel}","templated":true}]}}